{"id":131,"date":"2014-12-12T08:15:02","date_gmt":"2014-12-12T08:15:02","guid":{"rendered":"http:\/\/www.rhesusnegative.net\/staynegative\/?page_id=131"},"modified":"2022-06-07T08:54:09","modified_gmt":"2022-06-07T08:54:09","slug":"rhesus-negative-friends-and-organizations-worldwide","status":"publish","type":"page","link":"https:\/\/www.rhesusnegative.net\/staynegative\/rhesus-negative-friends-and-organizations-worldwide\/","title":{"rendered":"Rhesus Negative Friends and Organizations Worldwide"},"content":{"rendered":"<div style=\"padding-bottom:20px; padding-top:10px;\" class=\"hupso-share-buttons\"><!-- Hupso Share Buttons - https:\/\/www.hupso.com\/share\/ --><a class=\"hupso_toolbar\" href=\"https:\/\/www.hupso.com\/share\/\"><img data-recalc-dims=\"1\" decoding=\"async\" src=\"https:\/\/i0.wp.com\/static.hupso.com\/share\/buttons\/share-medium.png?w=640&#038;ssl=1\" style=\"border:0px; padding-top:5px; float:left;\" alt=\"Share Button\"\/><\/a><script type=\"text\/javascript\">var hupso_services_t=new Array(\"Twitter\",\"Facebook\",\"Pinterest\",\"Linkedin\");var hupso_background_t=\"#EAF4FF\";var hupso_border_t=\"#66CCFF\";var hupso_toolbar_size_t=\"medium\";var hupso_twitter_via = \"datebytype\";var hupso_image_folder_url = \"\";var hupso_twitter_via=\"datebytype\";var hupso_url_t=\"\";var hupso_title_t=\"Rhesus Negative Friends and Organizations Worldwide\";<\/script><script type=\"text\/javascript\" src=\"https:\/\/static.hupso.com\/share\/js\/share_toolbar.js\"><\/script><!-- Hupso Share Buttons --><\/div>\n<div class=\"wp-block-image\"><figure class=\"aligncenter\"><img data-recalc-dims=\"1\" loading=\"lazy\" decoding=\"async\" width=\"585\" height=\"637\" src=\"https:\/\/i0.wp.com\/www.rhesusnegative.net\/staynegative\/wp-content\/uploads\/2019\/08\/download-1.png?resize=585%2C637&#038;ssl=1\" alt=\"\" class=\"wp-image-5570\" srcset=\"https:\/\/i0.wp.com\/www.rhesusnegative.net\/staynegative\/wp-content\/uploads\/2019\/08\/download-1.png?w=585&amp;ssl=1 585w, https:\/\/i0.wp.com\/www.rhesusnegative.net\/staynegative\/wp-content\/uploads\/2019\/08\/download-1.png?resize=276%2C300&amp;ssl=1 276w\" sizes=\"auto, (max-width: 585px) 100vw, 585px\" \/><figcaption>Many of the most dedicated rh negative groups happen to be in countries, where the percentages of rh negatives are very low.<\/figcaption><\/figure><\/div>\n\n\n\n<figure class=\"wp-block-embed-wordpress aligncenter wp-block-embed is-type-wp-embed is-provider-rh-negative-blood-and-people\"><div class=\"wp-block-embed__wrapper\">\n<blockquote class=\"wp-embedded-content\" data-secret=\"s5e4u1yYBr\"><a href=\"https:\/\/www.rhesusnegative.net\/staynegative\/are-you-a-traveler-with-a-rare-blood-type\/\">Are you a traveler with a rare blood type?<\/a><\/blockquote><iframe loading=\"lazy\" class=\"wp-embedded-content\" sandbox=\"allow-scripts\" security=\"restricted\" style=\"position: absolute; clip: rect(1px, 1px, 1px, 1px);\" title=\"&#8220;Are you a traveler with a rare blood type?&#8221; &#8212; The Rh Negative Blog\" src=\"https:\/\/www.rhesusnegative.net\/staynegative\/are-you-a-traveler-with-a-rare-blood-type\/embed\/#?secret=inamopvyeH#?secret=s5e4u1yYBr\" data-secret=\"s5e4u1yYBr\" width=\"600\" height=\"338\" frameborder=\"0\" marginwidth=\"0\" marginheight=\"0\" scrolling=\"no\"><\/iframe>\n<\/div><\/figure>\n\n\n\n<p><strong>Would you like to join when we&#8217;re back up and running?<\/strong><\/p>\n\n\n\n<p><strong>Simply subscribe to the blog and\/or <\/strong><a href=\"https:\/\/www.facebook.com\/groups\/rhnegatives\/\"><strong>join us on Facebook<\/strong><\/a><strong>.<\/strong><\/p>\n\n\n\n<p><strong>You will be alerted as soon as we are back.<\/strong><\/p>\n\n\n\n<p><strong>You can also join <\/strong><a href=\"https:\/\/www.datebytype.com\"><strong>Blood Type Dating<\/strong><\/a><strong>, whether or not you are single. Everyone can join, so make sure to <\/strong><a href=\"https:\/\/www.datebytype.com\/users\"><strong>use our search function<\/strong><\/a><strong> to find members according to blood type. Make also sure to change privacy settings to whatever your preference may be.<\/strong><\/p>\n\n\n\n<p><strong>As traffic to this page is now huge, we highly encourage everyone visiting to leave a comment mentioning your country and city and hit &#8220;Ctrl F&#8221; to find others commenting from your region.<\/strong><\/p>\n\n\n\n<p>On this page, I am going to post websites, addresses, Facebook pages, Twitter accounts and information regarding other organizations which are helping the rh negative mission as we have described it.<\/p>\n\n\n\n<p>If you are aware of an organization that you believe we should list on this page, please leave a comment below.<\/p>\n\n\n\n<p>If you are looking for a support group for people with the very rare Bombay Blood Group (Oh), <a href=\"http:\/\/www.rhesusnegative.net\/staynegative\/?s=bombay\" target=\"_blank\" rel=\"noopener noreferrer\">please go here &#8230; <\/a><br><strong>Cambodia<\/strong><br>For information about Rhesus Negative Cambodia, go <a href=\"http:\/\/www.rhesusnegative.net\/staynegative\/rh-negative-cambodia\/\" target=\"_blank\" rel=\"noopener noreferrer\">here<\/a>.<\/p>\n\n\n\n<h4 class=\"wp-block-heading\">Chile<\/h4>\n\n\n\n<p>Below is the Facebook group servicing and connecting rh negative people in Chile:<\/p>\n\n\n\n<p><a href=\"https:\/\/www.facebook.com\/groups\/15112133846\/\" target=\"_blank\" rel=\"noopener noreferrer\">Rh Negativos Chile<\/a><\/p>\n\n\n\n<blockquote class=\"wp-block-quote is-layout-flow wp-block-quote-is-layout-flow\"><p>\u00bfEs usted Rh negativo?<br>Si es as\u00ed, \u00bfposee una red de contactos con otras personas que tengan su mismo grupo sangu\u00edneo? Esta sencilla acci\u00f3n facilita informaci\u00f3n vital en caso de una emergencia.<br>&#8220;Creemos un grupo de ayuda en casos de emergencia&#8221;<br>Si eres Rh Negativo unete y formemos un circulo de donantes de sangre de este grupo que es tan escaso.<br>Si te integras a este grupo y necesitas sangre Rh Negativo iremos en tu ayuda.<br>Una sencilla accion como donar un poco de sangre le puede salvar la vida a una persona.<br>La donaci\u00f3n es la clave<br>Como la etapa de utilidad p\u00fablica es incierta, es deseable que las personas Rh negativas desarrollen sus propias redes de contactos.<\/p><\/blockquote>\n\n\n\n<h4 class=\"wp-block-heading\">Indonesia<\/h4>\n\n\n\n<p><a href=\"http:\/\/www.rhesusnegatif.com\" target=\"_blank\" rel=\"noopener noreferrer\">Rhesus Negatif Indonesia<\/a><\/p>\n\n\n\n<figure class=\"wp-block-image\"><a href=\"https:\/\/i0.wp.com\/www.rhesusnegative.net\/staynegative\/wp-content\/uploads\/2014\/12\/Lici-Murniati-Rhesus-Negatif-Indonesia.jpg\"><img data-recalc-dims=\"1\" loading=\"lazy\" decoding=\"async\" width=\"300\" height=\"234\" src=\"https:\/\/i0.wp.com\/www.rhesusnegative.net\/staynegative\/wp-content\/uploads\/2014\/12\/Lici-Murniati-Rhesus-Negatif-Indonesia-300x234.jpg?resize=300%2C234\" alt=\"Lici Murniati Rhesus Negatif Indonesia\" class=\"wp-image-127\" srcset=\"https:\/\/i0.wp.com\/www.rhesusnegative.net\/staynegative\/wp-content\/uploads\/2014\/12\/Lici-Murniati-Rhesus-Negatif-Indonesia.jpg?resize=300%2C234&amp;ssl=1 300w, https:\/\/i0.wp.com\/www.rhesusnegative.net\/staynegative\/wp-content\/uploads\/2014\/12\/Lici-Murniati-Rhesus-Negatif-Indonesia.jpg?w=960&amp;ssl=1 960w\" sizes=\"auto, (max-width: 300px) 100vw, 300px\" \/><\/a><\/figure>\n\n\n\n<p><strong>For more information about Rhesus Negatif Indonesia, please continue <a href=\"http:\/\/www.rhesusnegative.net\/staynegative\/rhesus-negative-friends-and-organizations-worldwide\/rhesus-negatif-indonesia\/\" target=\"_blank\" rel=\"noopener noreferrer\">here<\/a>.<\/strong><\/p>\n\n\n\n<h4 class=\"wp-block-heading\">Malaysia<\/h4>\n\n\n\n<figure class=\"wp-block-image\"><a href=\"https:\/\/i0.wp.com\/www.rhesusnegative.net\/staynegative\/wp-content\/uploads\/2014\/12\/rhesus-negative-malaysia.jpg\"><img data-recalc-dims=\"1\" loading=\"lazy\" decoding=\"async\" width=\"300\" height=\"225\" src=\"https:\/\/i0.wp.com\/www.rhesusnegative.net\/staynegative\/wp-content\/uploads\/2014\/12\/rhesus-negative-malaysia-300x225.jpg?resize=300%2C225\" alt=\"rhesus negative malaysia\" class=\"wp-image-707\" srcset=\"https:\/\/i0.wp.com\/www.rhesusnegative.net\/staynegative\/wp-content\/uploads\/2014\/12\/rhesus-negative-malaysia.jpg?resize=300%2C225&amp;ssl=1 300w, https:\/\/i0.wp.com\/www.rhesusnegative.net\/staynegative\/wp-content\/uploads\/2014\/12\/rhesus-negative-malaysia.jpg?w=720&amp;ssl=1 720w\" sizes=\"auto, (max-width: 300px) 100vw, 300px\" \/><\/a><\/figure>\n\n\n\n<p>If you are in Malaysia and in need of rh negative blood, contact <a href=\"https:\/\/www.facebook.com\/groups\/318946544842073\/\" target=\"_blank\" rel=\"noopener noreferrer\">Rhesus Negative Malaysia<\/a>.<\/p>\n\n\n\n<p><a href=\"http:\/\/www.blooddonorsmaldives.org\/index.php\/home\/search\">Maldives<\/a><\/p>\n\n\n\n<h4 class=\"wp-block-heading\">Nepal<\/h4>\n\n\n\n<p>Nepal as well has a support group for rh negative people to ensure that as rare as rh negative blood in their country is, every rh negative is able to get a donor when needed.<br>Visit them on Facebook:<br><a href=\"https:\/\/www.facebook.com\/groups\/360596627363563\/\" target=\"_blank\" rel=\"noopener noreferrer\">Rh Negative Nepal<\/a><\/p>\n\n\n\n<h4 class=\"wp-block-heading\">Nigeria<\/h4>\n\n\n\n<p>From their site:<\/p>\n\n\n\n<blockquote class=\"wp-block-quote is-layout-flow wp-block-quote-is-layout-flow\"><p>Welcome to Rhesus Solution Initiative. We are registered Non &#8211; Governmental, Non &#8211; political, Not &#8211; for &#8211; profit organisation with the responsibility to sensitise the society about their blood group and Rhesus status particularly teenagers and pregnant women in order to prevent problems associated with rhesus disease or &#8220;Heamolytic Disease&#8221; i.e Jaundice, Anemia, dyspnea or difficulty in breathing, mental retardation or even neonatal death. We promote access to qualitative maternity care through our advocacy programmes.<\/p><\/blockquote>\n\n\n\n<figure class=\"wp-block-image\"><img data-recalc-dims=\"1\" loading=\"lazy\" decoding=\"async\" width=\"300\" height=\"30\" src=\"https:\/\/i0.wp.com\/www.rhesusnegative.net\/staynegative\/wp-content\/uploads\/2014\/12\/nigeria-300x30.gif?resize=300%2C30\" alt=\"nigeria\" class=\"wp-image-833\" srcset=\"https:\/\/i0.wp.com\/www.rhesusnegative.net\/staynegative\/wp-content\/uploads\/2014\/12\/nigeria.gif?resize=300%2C30&amp;ssl=1 300w, https:\/\/i0.wp.com\/www.rhesusnegative.net\/staynegative\/wp-content\/uploads\/2014\/12\/nigeria.gif?resize=768%2C77&amp;ssl=1 768w\" sizes=\"auto, (max-width: 300px) 100vw, 300px\" \/><\/figure>\n\n\n\n<p>Official website:<br><a href=\"http:\/\/www.rhesussolution.com\/\" target=\"_blank\" rel=\"noopener noreferrer\">Rhesus Solution Initiative<\/a><\/p>\n\n\n\n<h4 class=\"wp-block-heading\">Philippines<\/h4>\n\n\n\n<p>Here is a Facebook group connecting blood donors and donees in the Philippines:<br><a href=\"https:\/\/www.facebook.com\/RhNegativePh\" target=\"_blank\" rel=\"noopener noreferrer\"><br>Rh Negative Philippines<\/a><\/p>\n\n\n\n<figure class=\"wp-block-image\"><a href=\"https:\/\/i0.wp.com\/www.rhesusnegative.net\/staynegative\/wp-content\/uploads\/2014\/12\/rh-negative-philippines.png\"><img data-recalc-dims=\"1\" loading=\"lazy\" decoding=\"async\" width=\"300\" height=\"300\" src=\"https:\/\/i0.wp.com\/www.rhesusnegative.net\/staynegative\/wp-content\/uploads\/2014\/12\/rh-negative-philippines-300x300.png?resize=300%2C300\" alt=\"rh negative philippines\" class=\"wp-image-482\" srcset=\"https:\/\/i0.wp.com\/www.rhesusnegative.net\/staynegative\/wp-content\/uploads\/2014\/12\/rh-negative-philippines.png?resize=300%2C300&amp;ssl=1 300w, https:\/\/i0.wp.com\/www.rhesusnegative.net\/staynegative\/wp-content\/uploads\/2014\/12\/rh-negative-philippines.png?resize=150%2C150&amp;ssl=1 150w, https:\/\/i0.wp.com\/www.rhesusnegative.net\/staynegative\/wp-content\/uploads\/2014\/12\/rh-negative-philippines.png?w=559&amp;ssl=1 559w\" sizes=\"auto, (max-width: 300px) 100vw, 300px\" \/><\/a><\/figure>\n\n\n\n<blockquote class=\"wp-block-quote is-layout-flow wp-block-quote-is-layout-flow\"><p>The Rh Negative Philippines aims to save lives by providing easy access of Rh Negative blood to all in need through the support of its members.<\/p><\/blockquote>\n\n\n\n<h4 class=\"wp-block-heading\">Thailand<\/h4>\n\n\n\n<figure class=\"wp-block-embed-wordpress aligncenter wp-block-embed is-type-wp-embed is-provider-rh-negative-blood-and-people\"><div class=\"wp-block-embed__wrapper\">\n<blockquote class=\"wp-embedded-content\" data-secret=\"FZHwFc8maV\"><a href=\"https:\/\/www.rhesusnegative.net\/staynegative\/are-you-planning-to-come-to-thailand-but-have-a-rare-blood-type\/\">Are you planning to come to Thailand, but have a rare blood type?<\/a><\/blockquote><iframe loading=\"lazy\" class=\"wp-embedded-content\" sandbox=\"allow-scripts\" security=\"restricted\" style=\"position: absolute; clip: rect(1px, 1px, 1px, 1px);\" title=\"&#8220;Are you planning to come to Thailand, but have a rare blood type?&#8221; &#8212; The Rh Negative Blog\" src=\"https:\/\/www.rhesusnegative.net\/staynegative\/are-you-planning-to-come-to-thailand-but-have-a-rare-blood-type\/embed\/#?secret=hBgLnQFENi#?secret=FZHwFc8maV\" data-secret=\"FZHwFc8maV\" width=\"600\" height=\"338\" frameborder=\"0\" marginwidth=\"0\" marginheight=\"0\" scrolling=\"no\"><\/iframe>\n<\/div><\/figure>\n\n\n\n<p>More options from and in Thailand:<\/p>\n\n\n\n<p><a class=\"\" href=\"https:\/\/www.facebook.com\/groups\/412377255774\/\">Rh-negative (Thailand)<\/a><\/p>\n\n\n\n<p><a class=\"\" href=\"https:\/\/www.facebook.com\/RhNegativeThailand\/\">Rh-negative (Thailand)<\/a><br><br><\/p>\n\n\n\n<h4 class=\"wp-block-heading\">Vietnam<\/h4>\n\n\n\n<p><strong>Vietnam Rare Blood Group<\/strong><\/p>\n\n\n\n<figure class=\"wp-block-image\"><a href=\"https:\/\/i0.wp.com\/www.rhesusnegative.net\/staynegative\/wp-content\/uploads\/2014\/12\/vietnam-rare-blood-group.jpg\"><img data-recalc-dims=\"1\" loading=\"lazy\" decoding=\"async\" width=\"189\" height=\"92\" src=\"https:\/\/i0.wp.com\/www.rhesusnegative.net\/staynegative\/wp-content\/uploads\/2014\/12\/vietnam-rare-blood-group.jpg?resize=189%2C92\" alt=\"vietnam rare blood group\" class=\"wp-image-859\"\/><\/a><\/figure>\n\n\n\n<p><a href=\"http:\/\/www.rhesusnegative.net\/staynegative\/rhesus-negative-friends-and-organizations-worldwide\/vietnam\/\" target=\"_blank\" rel=\"noopener noreferrer\">Continue here &#8230;<\/a><\/p>\n<div style=\"padding-bottom:20px; padding-top:10px;\" class=\"hupso-share-buttons\"><!-- Hupso Share Buttons - https:\/\/www.hupso.com\/share\/ --><a class=\"hupso_toolbar\" href=\"https:\/\/www.hupso.com\/share\/\"><img data-recalc-dims=\"1\" decoding=\"async\" src=\"https:\/\/i0.wp.com\/static.hupso.com\/share\/buttons\/share-medium.png?w=640&#038;ssl=1\" style=\"border:0px; padding-top:5px; float:left;\" alt=\"Share Button\"\/><\/a><script type=\"text\/javascript\">var hupso_services_t=new Array(\"Twitter\",\"Facebook\",\"Pinterest\",\"Linkedin\");var hupso_background_t=\"#EAF4FF\";var hupso_border_t=\"#66CCFF\";var hupso_toolbar_size_t=\"medium\";var hupso_twitter_via = \"datebytype\";var hupso_image_folder_url = \"\";var hupso_twitter_via=\"datebytype\";var hupso_url_t=\"\";var hupso_title_t=\"Rhesus Negative Friends and Organizations Worldwide\";<\/script><script type=\"text\/javascript\" src=\"https:\/\/static.hupso.com\/share\/js\/share_toolbar.js\"><\/script><!-- Hupso Share Buttons --><\/div>","protected":false},"excerpt":{"rendered":"<div style=\"padding-bottom:20px; padding-top:10px;\" class=\"hupso-share-buttons\"><!-- Hupso Share Buttons - https:\/\/www.hupso.com\/share\/ --><a class=\"hupso_toolbar\" href=\"https:\/\/www.hupso.com\/share\/\"><img src=\"https:\/\/static.hupso.com\/share\/buttons\/share-medium.png\" style=\"border:0px; padding-top:5px; float:left;\" alt=\"Share Button\"\/><\/a><script type=\"text\/javascript\">var hupso_services_t=new Array(\"Twitter\",\"Facebook\",\"Pinterest\",\"Linkedin\");var hupso_background_t=\"#EAF4FF\";var hupso_border_t=\"#66CCFF\";var hupso_toolbar_size_t=\"medium\";var hupso_twitter_via = \"datebytype\";var hupso_image_folder_url = \"\";var hupso_twitter_via=\"datebytype\";var hupso_url_t=\"\";var hupso_title_t=\"Rhesus Negative Friends and Organizations Worldwide\";<\/script><script type=\"text\/javascript\" src=\"https:\/\/static.hupso.com\/share\/js\/share_toolbar.js\"><\/script><!-- Hupso Share Buttons --><\/div>Would you like to join when we&#8217;re back up and running? Simply subscribe to the blog and\/or join us on Facebook. You will be alerted as soon as we are back. You can also join Blood Type Dating, whether or not you are single. Everyone can join, so make sure to use our search function to find members according to blood type. Make also sure to change privacy settings to whatever your preference may be. As traffic to this page is now huge, we highly encourage everyone visiting to leave a comment mentioning your country and city and hit &#8220;Ctrl F&#8221; to find others commenting from your region. On this page, I am going to post websites, addresses, Facebook pages, <div style=\"padding-bottom:20px; padding-top:10px;\" class=\"hupso-share-buttons\"><!-- Hupso Share Buttons - https:\/\/www.hupso.com\/share\/ --><a class=\"hupso_toolbar\" href=\"https:\/\/www.hupso.com\/share\/\"><img src=\"https:\/\/static.hupso.com\/share\/buttons\/share-medium.png\" style=\"border:0px; padding-top:5px; float:left;\" alt=\"Share Button\"\/><\/a><script type=\"text\/javascript\">var hupso_services_t=new Array(\"Twitter\",\"Facebook\",\"Pinterest\",\"Linkedin\");var hupso_background_t=\"#EAF4FF\";var hupso_border_t=\"#66CCFF\";var hupso_toolbar_size_t=\"medium\";var hupso_twitter_via = \"datebytype\";var hupso_image_folder_url = \"\";var hupso_twitter_via=\"datebytype\";var hupso_url_t=\"\";var hupso_title_t=\"Rhesus Negative Friends and Organizations Worldwide\";<\/script><script type=\"text\/javascript\" src=\"https:\/\/static.hupso.com\/share\/js\/share_toolbar.js\"><\/script><!-- Hupso Share Buttons --><\/div>","protected":false},"author":1,"featured_media":14221,"parent":0,"menu_order":0,"comment_status":"open","ping_status":"open","template":"","meta":{"jetpack_post_was_ever_published":false,"amp_status":"","footnotes":""},"class_list":["post-131","page","type-page","status-publish","has-post-thumbnail","hentry"],"jetpack_sharing_enabled":true,"jetpack_shortlink":"https:\/\/wp.me\/P5DV68-27","_links":{"self":[{"href":"https:\/\/www.rhesusnegative.net\/staynegative\/wp-json\/wp\/v2\/pages\/131","targetHints":{"allow":["GET"]}}],"collection":[{"href":"https:\/\/www.rhesusnegative.net\/staynegative\/wp-json\/wp\/v2\/pages"}],"about":[{"href":"https:\/\/www.rhesusnegative.net\/staynegative\/wp-json\/wp\/v2\/types\/page"}],"author":[{"embeddable":true,"href":"https:\/\/www.rhesusnegative.net\/staynegative\/wp-json\/wp\/v2\/users\/1"}],"replies":[{"embeddable":true,"href":"https:\/\/www.rhesusnegative.net\/staynegative\/wp-json\/wp\/v2\/comments?post=131"}],"version-history":[{"count":5,"href":"https:\/\/www.rhesusnegative.net\/staynegative\/wp-json\/wp\/v2\/pages\/131\/revisions"}],"predecessor-version":[{"id":14278,"href":"https:\/\/www.rhesusnegative.net\/staynegative\/wp-json\/wp\/v2\/pages\/131\/revisions\/14278"}],"wp:featuredmedia":[{"embeddable":true,"href":"https:\/\/www.rhesusnegative.net\/staynegative\/wp-json\/wp\/v2\/media\/14221"}],"wp:attachment":[{"href":"https:\/\/www.rhesusnegative.net\/staynegative\/wp-json\/wp\/v2\/media?parent=131"}],"curies":[{"name":"wp","href":"https:\/\/api.w.org\/{rel}","templated":true}]}}